{"id":9902,"date":"2021-10-02T01:02:59","date_gmt":"2021-10-02T01:02:59","guid":{"rendered":"https:\/\/imm.ong\/?page_id=9902"},"modified":"2021-10-07T01:52:16","modified_gmt":"2021-10-07T01:52:16","slug":"politica-privacidade","status":"publish","type":"page","link":"https:\/\/imm.ong\/en\/politica-privacidade\/","title":{"rendered":"Pol\u00edtica de Privacidade"},"content":{"rendered":"[vc_row type=&#8221;in_container&#8221; full_screen_row_position=&#8221;middle&#8221; column_margin=&#8221;default&#8221; column_direction=&#8221;default&#8221; column_direction_tablet=&#8221;default&#8221; column_direction_phone=&#8221;default&#8221; scene_position=&#8221;center&#8221; text_color=&#8221;dark&#8221; text_align=&#8221;left&#8221; row_border_radius=&#8221;none&#8221; row_border_radius_applies=&#8221;bg&#8221; overlay_strength=&#8221;0.3&#8243; gradient_direction=&#8221;left_to_right&#8221; shape_divider_position=&#8221;bottom&#8221; bg_image_animation=&#8221;none&#8221;][vc_column column_padding=&#8221;no-extra-padding&#8221; column_padding_tablet=&#8221;inherit&#8221; column_padding_phone=&#8221;inherit&#8221; column_padding_position=&#8221;all&#8221; column_element_spacing=&#8221;default&#8221; background_color_opacity=&#8221;1&#8243; background_hover_color_opacity=&#8221;1&#8243; column_shadow=&#8221;none&#8221; column_border_radius=&#8221;none&#8221; column_link_target=&#8221;_self&#8221; gradient_direction=&#8221;left_to_right&#8221; overlay_strength=&#8221;0.3&#8243; width=&#8221;1\/1&#8243; tablet_width_inherit=&#8221;default&#8221; tablet_text_alignment=&#8221;default&#8221; phone_text_alignment=&#8221;default&#8221; bg_image_animation=&#8221;none&#8221; border_type=&#8221;simple&#8221; column_border_width=&#8221;none&#8221; column_border_style=&#8221;solid&#8221;]<div class=\"iwithtext\"><div class=\"iwt-icon\">  <\/div><div class=\"iwt-text\"> \n<h4 style=\"text-align: center;\"><b>POL\u00cdTICA DE PRIVACIDADE DE DADOS<\/b><\/h4>\n<p>&nbsp;<\/p>\n<p style=\"text-align: center;\">Para conferir nossos Termos de Uso, acesse <a href=\"https:\/\/imm.ong\/termos-uso\">aqui<\/a>.<\/p>\n<p style=\"text-align: center;\">Para conferir nossa Pol\u00edtica de Cookies, acesse <a href=\"https:\/\/imm.ong\/politica-cookies\/\">aqui<\/a>.<\/p>\n<p>&nbsp;<\/p>\n<p>A ImageMagica, Organiza\u00e7\u00e3o da Sociedade Civil (OSC), inscrita no CNPJ sob n\u00ba 04.159.753\/0001-03 declara que, nos termos da lei geral de prote\u00e7\u00e3o de dados (LGPD), a coleta e o tratamento dos dados recolhidos neste site (www.imm.ong) obedecem aos princ\u00edpios da boa-f\u00e9, finalidade, adequa\u00e7\u00e3o, necessidade, livre acesso, transpar\u00eancia, seguran\u00e7a, preven\u00e7\u00e3o, n\u00e3o discrimina\u00e7\u00e3o, bem como responsabiliza\u00e7\u00e3o e presta\u00e7\u00e3o de contas. Informamos que ao navegar e preencher seu cadastro, voc\u00ea estar\u00e1 automaticamente concordando com nossa pol\u00edtica de privacidade e nossos termos de uso.<span class=\"Apple-converted-space\">\u00a0<\/span><\/p>\n<p>Estamos comprometidos a proteger sua privacidade.\u00a0Esta Pol\u00edtica de Privacidade de Dados descreve a pol\u00edtica e pr\u00e1tica da ImageMagica para a coleta, uso, processamento, armazenamento, transfer\u00eancia, prote\u00e7\u00e3o e divulga\u00e7\u00e3o de informa\u00e7\u00f5es que possamos coletar por meio do site ou de quaisquer subdom\u00ednios da ImageMagica.<\/p>\n<p>A coleta, uso, processamento, armazenamento, transfer\u00eancia e divulga\u00e7\u00e3o de suas Informa\u00e7\u00f5es Pessoais (na forma definida abaixo) ser\u00e3o limitados aos termos desta pol\u00edtica e ou autorizados pelo titular de dados ao fornecer seus dados \u00e0 ImageMagica.<span class=\"Apple-converted-space\">\u00a0<\/span><\/p>\n<p><b>Coleta de Dados\/Informa\u00e7\u00f5es Pessoais<\/b><\/p>\n<p>As informa\u00e7\u00f5es pessoais s\u00e3o dados que podem ser usados para identificar, direta ou indiretamente, um indiv\u00edduo ao qual as informa\u00e7\u00f5es se apliquem. Os dados pessoais coletados por meio do site variam conforme a rela\u00e7\u00e3o que voc\u00ea opte por estabelecer conosco, isto \u00e9, de doador, apoiador, visitante, volunt\u00e1rio etc. Entre as informa\u00e7\u00f5es que podemos coletar do titular dos dados est\u00e3o: nome, RG, CPF, data de nascimento, endere\u00e7o postal, n\u00famero de telefone, endere\u00e7o de e-mail, conta corrente, ag\u00eancia banc\u00e1ria, n\u00famero de cart\u00e3o de cr\u00e9dito, informa\u00e7\u00f5es comportamentais como: perfil de engajamento, h\u00e1bitos e motiva\u00e7\u00f5es, dentre outros, provedor de acesso, sistema operacional, navegador (tipo, vers\u00e3o, op\u00e7\u00f5es habilitadas e plug), configura\u00e7\u00f5es de v\u00eddeo (tamanho\/resolu\u00e7\u00e3o e quantidade de cores), data e hora de acesso e p\u00e1ginas.<\/p>\n<p>Todos os dados somente ser\u00e3o coletados com seu consentimento expl\u00edcito, ou permitido pela lei ou regulamentos.\u00a0Voc\u00ea sempre pode optar por revogar seu consentimento, diretamente em nossas comunica\u00e7\u00f5es de e-mail marketing clicando no bot\u00e3o &#8220;Cancelar assinatura&#8221;, ou atrav\u00e9s do e-mail privacidade@imm.ong.<\/p>\n<p><b>Finalidade do uso de suas Informa\u00e7\u00f5es Pessoais<\/b><\/p>\n<p>Seus dados ou informa\u00e7\u00f5es pessoais coletadas ser\u00e3o usados para manter atualizados os cadastros para fins de contato telef\u00f4nico, e-mail, e-mail marketing ou outros meios que facilitem a comunica\u00e7\u00e3o direta para otimizar a usabilidade e a experi\u00eancia interativa durante a navega\u00e7\u00e3o do visitante no Site, responder \u00e0s d\u00favidas e \u00e0s solicita\u00e7\u00f5es, realizar campanhas de comunica\u00e7\u00e3o e marketing de relacionamento, possibilitar que a ImageMagica identifique e entre em contato com o visitante para fins de relacionamento pessoal, utilize tais dados em pesquisas, para suas pe\u00e7as de comunica\u00e7\u00e3o, na elabora\u00e7\u00e3o de relat\u00f3rios, para manter banco de dados de profissionais e facilitar o contato.<\/p>\n<p><b>Compartilhamento com terceiros<\/b><\/p>\n<p>Para dar suporte e aprimorar nosso relacionamento com visitantes ou usu\u00e1rios, a ImageMagica pode processar ou compartilhar suas Informa\u00e7\u00f5es Pessoais com nossos parceiros, caso em que estar\u00e1 restrito ao m\u00ednimo adequado e necess\u00e1rio para o cumprimento de alguma das finalidades espec\u00edficas e previamente informadas a voc\u00ea. Por exemplo, para viabilizar o recebimento de doa\u00e7\u00f5es, de forma segura, precisamos confirmar junto a institui\u00e7\u00e3o financeira os dados do doador.<\/p>\n<p>Sempre que realizamos o compartilhamento de seus dados pessoais, n\u00f3s utilizamos de instrumentos contratuais para assegurar que qualquer terceiro que os receba garanta a eles a prote\u00e7\u00e3o adequada.<\/p>\n<p>A ImageMagica poder\u00e1 ser obrigada a revelar suas Informa\u00e7\u00f5es Pessoais por lei, processo legal, lit\u00edgio e\/ou solicita\u00e7\u00e3o de autoridades p\u00fablicas e governamentais. A ImageMagica tamb\u00e9m pode revelar suas Informa\u00e7\u00f5es Pessoais para fins de investiga\u00e7\u00f5es de amea\u00e7a \u00e0 seguran\u00e7a nacional, atendimento \u00e0 solicita\u00e7\u00f5es de autoridades policiais ou outras quest\u00f5es de import\u00e2ncia p\u00fablica, ou quando determinarmos que tal revela\u00e7\u00e3o seja razoavelmente necess\u00e1ria para aplicarmos nossos termos e condi\u00e7\u00f5es ou protegermos nossas opera\u00e7\u00f5es ou usu\u00e1rios.<\/p>\n<p><b>Cookies e suas funcionalidades\u00a0<\/b><\/p>\n<p>Para proporcionar uma boa experi\u00eancia neste site, utilizamos as funcionalidades dos cookies para definir suas prefer\u00eancias de como esse site \u00e9 executado quando voc\u00ea o usa. Ao lembrar suas prefer\u00eancias, estes cookies permitem uma navega\u00e7\u00e3o mais r\u00e1pida e eficiente e elimina a necessidade de introduzir repetidamente as mesmas informa\u00e7\u00f5es. Para saber mais sobre como utilizamos os cookies, acesse a nossa \u00a0<u><a href=\"https:\/\/imm.ong\/politica-cookie\/\">Pol\u00edtica de Cookies<\/a>.<\/u><\/p>\n<p><b>Armazenamento dos dados<\/b><\/p>\n<p>Os dados coletados estar\u00e3o armazenados em ambiente seguro e controlado por prazo m\u00ednimo de 6 (seis) meses, nos termos do Marco Civil da Internet e da LGPD, podendo ser mantido armazenado por prazo indeterminado at\u00e9 a revoga\u00e7\u00e3o do consentimento pelo titular dos dados ou ap\u00f3s o t\u00e9rmino de obriga\u00e7\u00e3o legal. <span class=\"Apple-converted-space\">\u00a0<\/span><\/p>\n<p>Os dados coletados no site www.imm.ong poder\u00e3o ser armazenados em servidor pr\u00f3prio ou em servidores de terceiros contratados para esse fim, sejam eles alocados no Brasil ou no exterior, podendo ainda ser armazenados por meios de tecnologia de \u201ccloud computing\u201d e\/ou outras que surjam futuramente, visando sempre a melhoria, aperfei\u00e7oamento e seguran\u00e7a das atividades do site da ImageMagica.<\/p>\n<p><b>Seguran\u00e7a de dados<\/b><\/p>\n<p>Utilizamos plataformas de tecnologia seguras e modernas adequadas para preservar a privacidade dos dados coletados, para tanto, adotamos as seguintes precau\u00e7\u00f5es, em observ\u00e2ncia \u00e0s diretrizes sobre padr\u00f5es de seguran\u00e7a estabelecidas no marco Civil da Internet (decreto n\u00ba 8.771\/2016) e a Lei Geral de Prote\u00e7\u00e3o de Dados \u201cLGPD\u201d, Lei n\u00ba 13.709\/2018, tais como:<\/p>\n<ul>\n<li>Utilizamos m\u00e9todos padronizados e de mercado para criptografar e anonimizar os dados coletados;<\/li>\n<li>Utilizamos processos e ferramentas tecnol\u00f3gicas de prote\u00e7\u00e3o contra acesso n\u00e3o autorizado a seus sistemas;<\/li>\n<li>Mantemos pol\u00edtica de somente autorizar o acesso de pessoas previamente estabelecidas ao local onde s\u00e3o armazenadas as informa\u00e7\u00f5es coletadas;<\/li>\n<li>Todos os funcion\u00e1rios e terceirizados que entram em contato com as informa\u00e7\u00f5es confidenciais se comprometem formalmente a manter sigilo absoluto sobre os dados. A quebra do sigilo acarretar\u00e1 responsabilidade civil e o respons\u00e1vel ser\u00e1 responsabilizado nos moldes da legisla\u00e7\u00e3o brasileira;<span class=\"Apple-converted-space\">\u00a0<\/span><\/li>\n<li>Possu\u00edmos pol\u00edtica, procedimento e ferramentas de controle sobre o acesso aos dados, indicando momento, dura\u00e7\u00e3o, identidade do funcion\u00e1rio, ou do respons\u00e1vel pelo acesso e o arquivo objeto, com base nos registros de conex\u00e3o e de acesso a aplica\u00e7\u00f5es.<\/li>\n<li>Embora a ImageMagica adote os melhores esfor\u00e7os, no sentido de preservar a privacidade dos dados coletados, consideramos que nenhum site \u00e9 totalmente seguro e a ImageMagica n\u00e3o pode garantir integralmente que todas as informa\u00e7\u00f5es que trafegam nas p\u00e1ginas de seu site n\u00e3o sejam alvo de acessos n\u00e3o autorizados perpetrados por meio de m\u00e9todos desenvolvidos para obter informa\u00e7\u00f5es de forma indevida, notadamente por crimes cibern\u00e9ticos ou hackers. Por esse motivo, n\u00f3s incentivamos e responsabilizamos nossos visitantes e usu\u00e1rios a tomar as medidas apropriadas para se proteger, como, por exemplo, mantendo confidenciais todos os nomes de usu\u00e1rio e senhas de acesso a sua conta em nosso site e a instalar ferramentas de prote\u00e7\u00e3o, tais como Firewall, Anti-Virus, Anti-Malware, etc, em seu equipamento de acesso ao site (PC, Notebook, Smartphone, Tablet, etc).<\/li>\n<\/ul>\n<p><b>Direitos do titular dos dados<\/b><\/p>\n<p>Por meio de solicita\u00e7\u00e3o ao e-mail privacidade@imm.ong voc\u00ea poder\u00e1 alterar seu consentimento para tratamento de seus dados, conceder novas permiss\u00f5es, retirar seu consentimento para as permiss\u00f5es atuais, solicitar a exclus\u00e3o dos dados coletados e outras solicita\u00e7\u00f5es previstas em lei.<span class=\"Apple-converted-space\">\u00a0 <\/span>Sempre que solicitado, iremos nos esfor\u00e7ar para respond\u00ea-lo no menor tempo poss\u00edvel, respeitando-se os prazos de resposta e guarda estabelecidos pela legisla\u00e7\u00e3o e, avisando-o das consequ\u00eancias que as altera\u00e7\u00f5es solicitas causar. Tenha em mente que, para garantir sua seguran\u00e7a, poderemos pedir que voc\u00ea confirme sua identidade e requisitar comprova\u00e7\u00e3o da mesma antes de tomar qualquer medida sobre seu pedido.<span class=\"Apple-converted-space\">\u00a0<\/span><\/p>\n<p>Em caso de cancelamento de doa\u00e7\u00f5es nos procure por meio do e-mail <a href=\"mailto:contato@imm.ong\">contato@imm.ong<\/a> seguindo as seguintes orienta\u00e7\u00f5es:<\/p>\n<p>\u2022 No t\u00edtulo do e-mail preencha com: Solicita\u00e7\u00e3o de direitos \u2013 [SEU NOME COMPLETO]<span class=\"Apple-converted-space\">\u00a0<\/span><\/p>\n<p>\u2022 Nos envie em anexo uma foto do seu RG (ser\u00e1 utilizado para sua identifica\u00e7\u00e3o)<\/p>\n<p>\u2022 No corpo do e-mail, informe qual direito voc\u00ea est\u00e1 solicitando (conforme apresentado acima) descrevendo detalhadamente quais dados devem ser considerados.<\/p>\n<p><b>Disposi\u00e7\u00f5es gerais<\/b><\/p>\n<p>Esta Pol\u00edtica de Privacidade poder\u00e1 ser atualizada ou modificada a qualquer momento pela ImageMagica, mediante atualiza\u00e7\u00e3o no site e\/ou por e-mail, se o titular dos dados e\/ou usu\u00e1rio tiver optado por receber comunica\u00e7\u00f5es em seu cadastro, em conformidade com a finalidade do site www.imm.ong. <span class=\"Apple-converted-space\">\u00a0<\/span><\/p>\n<p>Caso empresas terceirizadas realizem o processamento de quaisquer dados que coletamos, elas dever\u00e3o respeitar as condi\u00e7\u00f5es aqui estipuladas e nossas normas de Seguran\u00e7a da Informa\u00e7\u00e3o, obrigatoriamente.<\/p>\n<p>Caso alguma disposi\u00e7\u00e3o desta Pol\u00edtica de Privacidade seja considerada ilegal ou ileg\u00edtima por autoridade da localidade em que resida o visitante ou usu\u00e1rio, ou ainda o pa\u00eds de sua conex\u00e3o \u00e0 Internet, as demais condi\u00e7\u00f5es permanecer\u00e3o em pleno vigor e efeito.<\/p>\n<p>O titular de dados ou usu\u00e1rio cadastrado reconhece que toda comunica\u00e7\u00e3o realizada por e-mail (aos endere\u00e7os informados no seu cadastro), aplicativos de comunica\u00e7\u00e3o instant\u00e2nea ou qualquer outra forma digital, virtual e digital tamb\u00e9m s\u00e3o v\u00e1lidas, eficazes e suficiente para a divulga\u00e7\u00e3o de qualquer assunto que se refira aos servi\u00e7os que prestamos, bem como \u00e0s condi\u00e7\u00f5es de sua presta\u00e7\u00e3o ou a qualquer outro assunto nele abordado, ressalvadas as disposi\u00e7\u00f5es expressamente diversas previstas nesta Pol\u00edtica de Privacidade.<\/p>\n<p><b>Legisla\u00e7\u00e3o e foro<\/b><\/p>\n<p>A presente Pol\u00edtica de Privacidade foi redigida e interpretada segundo a legisla\u00e7\u00e3o brasileira, no idioma portugu\u00eas, sendo eleito o Foro da Comarca de S\u00e3o Paulo no Estado de S\u00e3o Paulo para dirimir qualquer lit\u00edgio ou controv\u00e9rsia envolvendo o presente documento, salvo ressalva espec\u00edfica de compet\u00eancia pessoal, territorial ou funcional pela legisla\u00e7\u00e3o aplic\u00e1vel.<\/p>\n<p>Em eventuais a\u00e7\u00f5es judiciais, aplica-se a lei brasileira e o foro escolhido \u00e9 o da Comarca de S\u00e3o Paulo.<\/p>\n<p><strong>Atualizada em 06 de Outubro de 2021.<\/strong> <\/div><div class=\"clear\"><\/div><\/div>[\/vc_column][\/vc_row]\n","protected":false},"excerpt":{"rendered":"<p>[vc_row type=&#8221;in_container&#8221; full_screen_row_position=&#8221;middle&#8221; column_margin=&#8221;default&#8221; column_direction=&#8221;default&#8221; column_direction_tablet=&#8221;default&#8221; column_direction_phone=&#8221;default&#8221; scene_position=&#8221;center&#8221; text_color=&#8221;dark&#8221; text_align=&#8221;left&#8221; row_border_radius=&#8221;none&#8221; row_border_radius_applies=&#8221;bg&#8221; overlay_strength=&#8221;0.3&#8243; gradient_direction=&#8221;left_to_right&#8221; shape_divider_position=&#8221;bottom&#8221; bg_image_animation=&#8221;none&#8221;][vc_column column_padding=&#8221;no-extra-padding&#8221; column_padding_tablet=&#8221;inherit&#8221; column_padding_phone=&#8221;inherit&#8221; column_padding_position=&#8221;all&#8221; column_element_spacing=&#8221;default&#8221; background_color_opacity=&#8221;1&#8243; background_hover_color_opacity=&#8221;1&#8243; column_shadow=&#8221;none&#8221; column_border_radius=&#8221;none&#8221; column_link_target=&#8221;_self&#8221; gradient_direction=&#8221;left_to_right&#8221; overlay_strength=&#8221;0.3&#8243; width=&#8221;1\/1&#8243; tablet_width_inherit=&#8221;default&#8221;&#8230;<\/p>\n","protected":false},"author":10,"featured_media":0,"parent":0,"menu_order":0,"comment_status":"closed","ping_status":"closed","template":"","meta":{"content-type":"","footnotes":""},"yst_prominent_words":[],"class_list":["post-9902","page","type-page","status-publish"],"yoast_head":"<!-- This site is optimized with the Yoast SEO Premium plugin v14.3 - https:\/\/yoast.com\/wordpress\/plugins\/seo\/ -->\n<title>Pol\u00edtica de Privacidade<\/title>\n<meta name=\"robots\" content=\"index, follow\" \/>\n<meta name=\"googlebot\" content=\"index, follow, max-snippet:-1, max-image-preview:large, max-video-preview:-1\" \/>\n<meta name=\"bingbot\" content=\"index, follow, max-snippet:-1, max-image-preview:large, max-video-preview:-1\" \/>\n<link rel=\"canonical\" href=\"https:\/\/imm.ong\/politica-privacidade\/\" \/>\n<meta property=\"og:locale\" content=\"en_US\" \/>\n<meta property=\"og:type\" content=\"article\" \/>\n<meta property=\"og:title\" content=\"Pol\u00edtica de Privacidade\" \/>\n<meta property=\"og:description\" content=\"[vc_row type=&#8221;in_container&#8221; full_screen_row_position=&#8221;middle&#8221; column_margin=&#8221;default&#8221; column_direction=&#8221;default&#8221; column_direction_tablet=&#8221;default&#8221; column_direction_phone=&#8221;default&#8221; scene_position=&#8221;center&#8221; text_color=&#8221;dark&#8221; text_align=&#8221;left&#8221; row_border_radius=&#8221;none&#8221; row_border_radius_applies=&#8221;bg&#8221; overlay_strength=&#8221;0.3&#8243; gradient_direction=&#8221;left_to_right&#8221; shape_divider_position=&#8221;bottom&#8221; bg_image_animation=&#8221;none&#8221;][vc_column column_padding=&#8221;no-extra-padding&#8221; column_padding_tablet=&#8221;inherit&#8221; column_padding_phone=&#8221;inherit&#8221; column_padding_position=&#8221;all&#8221; column_element_spacing=&#8221;default&#8221; background_color_opacity=&#8221;1&#8243; background_hover_color_opacity=&#8221;1&#8243; column_shadow=&#8221;none&#8221; column_border_radius=&#8221;none&#8221; column_link_target=&#8221;_self&#8221; gradient_direction=&#8221;left_to_right&#8221; overlay_strength=&#8221;0.3&#8243; width=&#8221;1\/1&#8243; tablet_width_inherit=&#8221;default&#8221;...\" \/>\n<meta property=\"og:url\" content=\"https:\/\/imm.ong\/politica-privacidade\/\" \/>\n<meta property=\"og:site_name\" content=\"IMM.ong\" \/>\n<meta property=\"article:publisher\" content=\"https:\/\/www.facebook.com\/imagemagica\/\" \/>\n<meta property=\"article:modified_time\" content=\"2021-10-07T01:52:16+00:00\" \/>\n<meta name=\"twitter:card\" content=\"summary_large_image\" \/>\n<script type=\"application\/ld+json\" class=\"yoast-schema-graph\">{\"@context\":\"https:\/\/schema.org\",\"@graph\":[{\"@type\":\"Organization\",\"@id\":\"https:\/\/imm.ong\/en\/#organization\",\"name\":\"IMM.ong\",\"url\":\"https:\/\/imm.ong\/en\/\",\"sameAs\":[\"https:\/\/www.facebook.com\/imagemagica\/\",\"https:\/\/www.instagram.com\/imagemagica\/\",\"https:\/\/www.linkedin.com\/company\/imm-ong\/\",\"https:\/\/www.youtube.com\/imagemagica\"],\"logo\":{\"@type\":\"ImageObject\",\"@id\":\"https:\/\/imm.ong\/en\/#logo\",\"inLanguage\":\"en-US\",\"url\":\"https:\/\/imm.ong\/wp-content\/uploads\/2020\/04\/logo-imm-dark-small.png\",\"width\":51,\"height\":40,\"caption\":\"IMM.ong\"},\"image\":{\"@id\":\"https:\/\/imm.ong\/en\/#logo\"}},{\"@type\":\"WebSite\",\"@id\":\"https:\/\/imm.ong\/en\/#website\",\"url\":\"https:\/\/imm.ong\/en\/\",\"name\":\"IMM.ong\",\"description\":\"Tudo come\\u00e7a pelo olhar\",\"publisher\":{\"@id\":\"https:\/\/imm.ong\/en\/#organization\"},\"potentialAction\":[{\"@type\":\"SearchAction\",\"target\":\"https:\/\/imm.ong\/en\/?s={search_term_string}\",\"query-input\":\"required name=search_term_string\"}],\"inLanguage\":\"en-US\"},{\"@type\":\"WebPage\",\"@id\":\"https:\/\/imm.ong\/politica-privacidade\/#webpage\",\"url\":\"https:\/\/imm.ong\/politica-privacidade\/\",\"name\":\"[:pt]Pol\\u00edtica de Privacidade[:] - IMM.ong\",\"isPartOf\":{\"@id\":\"https:\/\/imm.ong\/en\/#website\"},\"datePublished\":\"2021-10-02T01:02:59+00:00\",\"dateModified\":\"2021-10-07T01:52:16+00:00\",\"inLanguage\":\"en-US\",\"potentialAction\":[{\"@type\":\"ReadAction\",\"target\":[\"https:\/\/imm.ong\/politica-privacidade\/\"]}]}]}<\/script>\n<!-- \/ Yoast SEO Premium plugin. -->","_links":{"self":[{"href":"https:\/\/imm.ong\/en\/wp-json\/wp\/v2\/pages\/9902","targetHints":{"allow":["GET"]}}],"collection":[{"href":"https:\/\/imm.ong\/en\/wp-json\/wp\/v2\/pages"}],"about":[{"href":"https:\/\/imm.ong\/en\/wp-json\/wp\/v2\/types\/page"}],"author":[{"embeddable":true,"href":"https:\/\/imm.ong\/en\/wp-json\/wp\/v2\/users\/10"}],"replies":[{"embeddable":true,"href":"https:\/\/imm.ong\/en\/wp-json\/wp\/v2\/comments?post=9902"}],"version-history":[{"count":12,"href":"https:\/\/imm.ong\/en\/wp-json\/wp\/v2\/pages\/9902\/revisions"}],"predecessor-version":[{"id":9927,"href":"https:\/\/imm.ong\/en\/wp-json\/wp\/v2\/pages\/9902\/revisions\/9927"}],"wp:attachment":[{"href":"https:\/\/imm.ong\/en\/wp-json\/wp\/v2\/media?parent=9902"}],"wp:term":[{"taxonomy":"yst_prominent_words","embeddable":true,"href":"https:\/\/imm.ong\/en\/wp-json\/wp\/v2\/yst_prominent_words?post=9902"}],"curies":[{"name":"wp","href":"https:\/\/api.w.org\/{rel}","templated":true}]}}