{"id":9906,"date":"2021-10-02T01:06:01","date_gmt":"2021-10-02T01:06:01","guid":{"rendered":"https:\/\/imm.ong\/?page_id=9906"},"modified":"2021-10-07T01:49:45","modified_gmt":"2021-10-07T01:49:45","slug":"politica-cookies","status":"publish","type":"page","link":"https:\/\/imm.ong\/en\/politica-cookies\/","title":{"rendered":"Pol\u00edtica de Cookies"},"content":{"rendered":"[vc_row type=&#8221;in_container&#8221; full_screen_row_position=&#8221;middle&#8221; column_margin=&#8221;default&#8221; column_direction=&#8221;default&#8221; column_direction_tablet=&#8221;default&#8221; column_direction_phone=&#8221;default&#8221; scene_position=&#8221;center&#8221; text_color=&#8221;dark&#8221; text_align=&#8221;left&#8221; row_border_radius=&#8221;none&#8221; row_border_radius_applies=&#8221;bg&#8221; overlay_strength=&#8221;0.3&#8243; gradient_direction=&#8221;left_to_right&#8221; shape_divider_position=&#8221;bottom&#8221; bg_image_animation=&#8221;none&#8221;][vc_column column_padding=&#8221;no-extra-padding&#8221; column_padding_tablet=&#8221;inherit&#8221; column_padding_phone=&#8221;inherit&#8221; column_padding_position=&#8221;all&#8221; column_element_spacing=&#8221;default&#8221; background_color_opacity=&#8221;1&#8243; background_hover_color_opacity=&#8221;1&#8243; column_shadow=&#8221;none&#8221; column_border_radius=&#8221;none&#8221; column_link_target=&#8221;_self&#8221; gradient_direction=&#8221;left_to_right&#8221; overlay_strength=&#8221;0.3&#8243; width=&#8221;1\/1&#8243; tablet_width_inherit=&#8221;default&#8221; tablet_text_alignment=&#8221;default&#8221; phone_text_alignment=&#8221;default&#8221; bg_image_animation=&#8221;none&#8221; border_type=&#8221;simple&#8221; column_border_width=&#8221;none&#8221; column_border_style=&#8221;solid&#8221;][vc_column_text]\n<div class=\"cli_pg_page_contaner\">\n<p style=\"text-align: center;\"><b>POL\u00cdTICA DE COOKIES<\/b><\/p>\n<\/div>\n[\/vc_column_text][divider line_type=&#8221;No Line&#8221;][\/vc_column][\/vc_row][vc_row type=&#8221;in_container&#8221; full_screen_row_position=&#8221;middle&#8221; column_margin=&#8221;default&#8221; column_direction=&#8221;default&#8221; column_direction_tablet=&#8221;default&#8221; column_direction_phone=&#8221;default&#8221; scene_position=&#8221;center&#8221; text_color=&#8221;dark&#8221; text_align=&#8221;left&#8221; row_border_radius=&#8221;none&#8221; row_border_radius_applies=&#8221;bg&#8221; overlay_strength=&#8221;0.3&#8243; gradient_direction=&#8221;left_to_right&#8221; shape_divider_position=&#8221;bottom&#8221; bg_image_animation=&#8221;none&#8221;][vc_column column_padding=&#8221;no-extra-padding&#8221; column_padding_tablet=&#8221;inherit&#8221; column_padding_phone=&#8221;inherit&#8221; column_padding_position=&#8221;all&#8221; column_element_spacing=&#8221;default&#8221; background_color_opacity=&#8221;1&#8243; background_hover_color_opacity=&#8221;1&#8243; column_shadow=&#8221;none&#8221; column_border_radius=&#8221;none&#8221; column_link_target=&#8221;_self&#8221; gradient_direction=&#8221;left_to_right&#8221; overlay_strength=&#8221;0.3&#8243; width=&#8221;1\/1&#8243; tablet_width_inherit=&#8221;default&#8221; tablet_text_alignment=&#8221;default&#8221; phone_text_alignment=&#8221;default&#8221; bg_image_animation=&#8221;none&#8221; border_type=&#8221;simple&#8221; column_border_width=&#8221;none&#8221; column_border_style=&#8221;solid&#8221;][vc_column_text]\n<div class=\"cli_pg_page_contaner\">\n<p><b>O que s\u00e3o cookies?<\/b><\/p>\n<p>Cookies s\u00e3o pequenos arquivos baixados no seu computador, com o objetivo de melhorar sua experi\u00eancia em nosso site. Ao entrar o site da ImageMagica, aparecer\u00e1 uma janela solicitando a sua autoriza\u00e7\u00e3o para o uso dos cookies durante a sua navega\u00e7\u00e3o.<\/p>\n<p><b>Por que utilizamos cookies?<\/b><\/p>\n<p>Os cookies nos ajudam a entender como os visitantes interagem com o site, fornecendo informa\u00e7\u00f5es sobre as \u00e1reas visitadas, o tempo de visita e quaisquer problemas eventualmente encontrados. Os cookies tamb\u00e9m s\u00e3o utilizados para fornecer mais conte\u00fado relevante e espec\u00edfico para os seus interesses, proporcionando uma experi\u00eancia personalizada. Por exemplo, alguns cookies lembram o seu idioma ou prefer\u00eancias para que voc\u00ea n\u00e3o tenha que efetuar estas escolhas repetidamente sempre que visitar um dos nossos websites.<\/p>\n<p>Utilizamos cookies (e os dados resultantes) para todos os usos descritos em nossa\u00a0<a href=\"https:\/\/www.imm.ong\/politica-privacidade\">Pol\u00edtica de Privacidade de Dados<\/a>.<\/p>\n<\/div>\n<div class=\"cli_pg_page_contaner\">\n<p>Os cookies podem ser \u201cpor sess\u00e3o\u201d ou \u201cpersistentes\u201d, dependendo do tempo durante o qual s\u00e3o usados:<\/p>\n<ul>\n<li>Os cookies \u201cpor sess\u00e3o\u201d duram apenas pelo tempo de sua navega\u00e7\u00e3o on-line e desaparecem do seu computador ou dispositivo quando voc\u00ea fecha o navegador.<\/li>\n<li>Os cookies \u201cpersistentes\u201d permanecem no seu computador ou dispositivo depois que o navegador \u00e9 fechado por um per\u00edodo de tempo especificado pelo cookie.<\/li>\n<\/ul>\n<p><b>Como os cookies s\u00e3o utilizados no site da IMM:<\/b><\/p>\n<p>A seguir, veja os principais objetivos para os quais os cookies s\u00e3o utilizados:<\/p>\n<p><em>* Boletins por e-mail:<\/em><\/p>\n<p>Este site oferece servi\u00e7os de assinatura de newsletter e os cookies podem ser usados para lembrar se voc\u00ea j\u00e1 est\u00e1 registrado e se deve mostrar determinadas notifica\u00e7\u00f5es v\u00e1lidas apenas para usu\u00e1rios que s\u00e3o.<\/p>\n<p><em>* Formul\u00e1rios:<\/em><\/p>\n<p>Quando voc\u00ea envia dados por meio de um formul\u00e1rio, como os que encontrados nas p\u00e1ginas de contato, os cookies podem ser configurados para lembrar os detalhes do usu\u00e1rio para correspond\u00eancia futura.<\/p>\n<\/div>\n<div class=\"cli_pg_page_contaner\">\n<p><em>* Terceiros:<\/em><\/p>\n<\/div>\n<p>Em alguns casos especiais, tamb\u00e9m usamos cookies fornecidos por terceiros confi\u00e1veis para nos ajudar a entender como voc\u00ea usa o site e como podemos melhorar sua experi\u00eancia. Esses cookies podem rastrear itens como quanto tempo voc\u00ea passa no site e as p\u00e1ginas visitadas, para que possamos continuar produzindo conte\u00fado atraente. Estas ferramentas s\u00e3o:<\/p>\n<p><em>* Google Analytics:<\/em><\/p>\n<p>Utilizamos Google Analytics para entender como as nossas campanhas de m\u00eddia funcionam e como voc\u00ea interage com o nosso website de modo a melhorar a experi\u00eancia do usu\u00e1rio. Saiba mais: <a href=\"https:\/\/tools.google.com\/dlpage\/gaoptout\">https:\/\/tools.google.com\/dlpage\/gaoptout<\/a><\/p>\n<p><em>* Facebook:<\/em><\/p>\n<p>O Facebook ajuda voc\u00ea a se manter em contato com a sua rede atrav\u00e9s do seu site\/aplicativo m\u00f3vel. N\u00f3s tornamos mais f\u00e1cil o compartilhamento de conte\u00fado de interesse no Facebook e algumas vezes podemos apresentar alguns an\u00fancios direcionados baseados na sua intera\u00e7\u00e3o no nosso website. Saiba mais: <a href=\"https:\/\/en-gb.facebook.com\/help\/568137493302217\">https:\/\/en-gb.facebook.com\/help\/568137493302217<\/a><\/p>\n<p><em>* Youtube:<\/em><\/p>\n<p>N\u00f3s incorporamos v\u00eddeos ou inserimos links para v\u00eddeos no YouTube no nosso website. Como resultado, quando voc\u00ea visita uma p\u00e1gina com conte\u00fado incorporado ou com link para YouTube voc\u00ea poder\u00e1 receber cookies do YouTube. Saiba mais: <a href=\"https:\/\/support.google.com\/ads\/answer\/2662922?hl=en-GB\">https:\/\/support.google.com\/ads\/answer\/2662922?hl=en-GB<\/a><\/p>\n<div class=\"cli_pg_page_contaner\">\n<p><b>Desativar cookies<\/b><\/p>\n<p>Voc\u00ea pode impedir a configura\u00e7\u00e3o de cookies ajustando as configura\u00e7\u00f5es do seu navegador (consulte a Ajuda do navegador utilizado para saber como fazer isso). Esteja ciente de que a desativa\u00e7\u00e3o de cookies afetar\u00e1 a funcionalidade deste e de outros diversos sites que voc\u00ea visita. A desativa\u00e7\u00e3o de cookies geralmente resultar\u00e1 na desativa\u00e7\u00e3o de determinadas funcionalidades e recursos deste site.<\/p>\n<p>Esta Pol\u00edtica de Cookies cobre somente o uso de cookies por parte da ImageMagica e n\u00e3o cobre o uso de qualquer gerenciamento de terceiros que s\u00e3o respons\u00e1veis diretamente pelos Cookies que coletam.<\/p>\n<p>A maioria dos cookies pode ser controlada a partir das configura\u00e7\u00f5es do seu navegador. Voc\u00ea pode:<\/p>\n<ul>\n<li>consultar os cookies individuais e seu prazo de validade, e exclu\u00ed-los se desejar;<\/li>\n<li>bloquear cookies de terceiros (ou pedir para n\u00e3o ser rastreado);<\/li>\n<li>bloquear todos os cookies;<\/li>\n<li>excluir todos os cookies ao fechar o navegador.<\/li>\n<\/ul>\n<\/div>\n[\/vc_column_text][\/vc_column][\/vc_row]\n","protected":false},"excerpt":{"rendered":"<p>[vc_row type=&#8221;in_container&#8221; full_screen_row_position=&#8221;middle&#8221; column_margin=&#8221;default&#8221; column_direction=&#8221;default&#8221; column_direction_tablet=&#8221;default&#8221; column_direction_phone=&#8221;default&#8221; scene_position=&#8221;center&#8221; text_color=&#8221;dark&#8221; text_align=&#8221;left&#8221; row_border_radius=&#8221;none&#8221; row_border_radius_applies=&#8221;bg&#8221; overlay_strength=&#8221;0.3&#8243; gradient_direction=&#8221;left_to_right&#8221; shape_divider_position=&#8221;bottom&#8221; bg_image_animation=&#8221;none&#8221;][vc_column column_padding=&#8221;no-extra-padding&#8221; column_padding_tablet=&#8221;inherit&#8221; column_padding_phone=&#8221;inherit&#8221; column_padding_position=&#8221;all&#8221; column_element_spacing=&#8221;default&#8221; background_color_opacity=&#8221;1&#8243; background_hover_color_opacity=&#8221;1&#8243; column_shadow=&#8221;none&#8221; column_border_radius=&#8221;none&#8221; column_link_target=&#8221;_self&#8221; gradient_direction=&#8221;left_to_right&#8221; overlay_strength=&#8221;0.3&#8243; width=&#8221;1\/1&#8243; tablet_width_inherit=&#8221;default&#8221;&#8230;<\/p>\n","protected":false},"author":10,"featured_media":0,"parent":0,"menu_order":0,"comment_status":"closed","ping_status":"closed","template":"","meta":{"content-type":"","footnotes":""},"yst_prominent_words":[1103],"class_list":["post-9906","page","type-page","status-publish"],"yoast_head":"<!-- This site is optimized with the Yoast SEO Premium plugin v14.3 - https:\/\/yoast.com\/wordpress\/plugins\/seo\/ -->\n<title>Pol\u00edtica de Cookies<\/title>\n<meta name=\"robots\" content=\"index, follow\" \/>\n<meta name=\"googlebot\" content=\"index, follow, max-snippet:-1, max-image-preview:large, max-video-preview:-1\" \/>\n<meta name=\"bingbot\" content=\"index, follow, max-snippet:-1, max-image-preview:large, max-video-preview:-1\" \/>\n<link rel=\"canonical\" href=\"https:\/\/imm.ong\/politica-cookies\/\" \/>\n<meta property=\"og:locale\" content=\"en_US\" \/>\n<meta property=\"og:type\" content=\"article\" \/>\n<meta property=\"og:title\" content=\"Pol\u00edtica de Cookies\" \/>\n<meta property=\"og:description\" content=\"[vc_row type=&#8221;in_container&#8221; full_screen_row_position=&#8221;middle&#8221; column_margin=&#8221;default&#8221; column_direction=&#8221;default&#8221; column_direction_tablet=&#8221;default&#8221; column_direction_phone=&#8221;default&#8221; scene_position=&#8221;center&#8221; text_color=&#8221;dark&#8221; text_align=&#8221;left&#8221; row_border_radius=&#8221;none&#8221; row_border_radius_applies=&#8221;bg&#8221; overlay_strength=&#8221;0.3&#8243; gradient_direction=&#8221;left_to_right&#8221; shape_divider_position=&#8221;bottom&#8221; bg_image_animation=&#8221;none&#8221;][vc_column column_padding=&#8221;no-extra-padding&#8221; column_padding_tablet=&#8221;inherit&#8221; column_padding_phone=&#8221;inherit&#8221; column_padding_position=&#8221;all&#8221; column_element_spacing=&#8221;default&#8221; background_color_opacity=&#8221;1&#8243; background_hover_color_opacity=&#8221;1&#8243; column_shadow=&#8221;none&#8221; column_border_radius=&#8221;none&#8221; column_link_target=&#8221;_self&#8221; gradient_direction=&#8221;left_to_right&#8221; overlay_strength=&#8221;0.3&#8243; width=&#8221;1\/1&#8243; tablet_width_inherit=&#8221;default&#8221;...\" \/>\n<meta property=\"og:url\" content=\"https:\/\/imm.ong\/politica-cookies\/\" \/>\n<meta property=\"og:site_name\" content=\"IMM.ong\" \/>\n<meta property=\"article:publisher\" content=\"https:\/\/www.facebook.com\/imagemagica\/\" \/>\n<meta property=\"article:modified_time\" content=\"2021-10-07T01:49:45+00:00\" \/>\n<meta name=\"twitter:card\" content=\"summary_large_image\" \/>\n<script type=\"application\/ld+json\" class=\"yoast-schema-graph\">{\"@context\":\"https:\/\/schema.org\",\"@graph\":[{\"@type\":\"Organization\",\"@id\":\"https:\/\/imm.ong\/en\/#organization\",\"name\":\"IMM.ong\",\"url\":\"https:\/\/imm.ong\/en\/\",\"sameAs\":[\"https:\/\/www.facebook.com\/imagemagica\/\",\"https:\/\/www.instagram.com\/imagemagica\/\",\"https:\/\/www.linkedin.com\/company\/imm-ong\/\",\"https:\/\/www.youtube.com\/imagemagica\"],\"logo\":{\"@type\":\"ImageObject\",\"@id\":\"https:\/\/imm.ong\/en\/#logo\",\"inLanguage\":\"en-US\",\"url\":\"https:\/\/imm.ong\/wp-content\/uploads\/2020\/04\/logo-imm-dark-small.png\",\"width\":51,\"height\":40,\"caption\":\"IMM.ong\"},\"image\":{\"@id\":\"https:\/\/imm.ong\/en\/#logo\"}},{\"@type\":\"WebSite\",\"@id\":\"https:\/\/imm.ong\/en\/#website\",\"url\":\"https:\/\/imm.ong\/en\/\",\"name\":\"IMM.ong\",\"description\":\"Tudo come\\u00e7a pelo olhar\",\"publisher\":{\"@id\":\"https:\/\/imm.ong\/en\/#organization\"},\"potentialAction\":[{\"@type\":\"SearchAction\",\"target\":\"https:\/\/imm.ong\/en\/?s={search_term_string}\",\"query-input\":\"required name=search_term_string\"}],\"inLanguage\":\"en-US\"},{\"@type\":\"WebPage\",\"@id\":\"https:\/\/imm.ong\/politica-cookies\/#webpage\",\"url\":\"https:\/\/imm.ong\/politica-cookies\/\",\"name\":\"[:pt]Pol\\u00edtica de Cookies[:] - IMM.ong\",\"isPartOf\":{\"@id\":\"https:\/\/imm.ong\/en\/#website\"},\"datePublished\":\"2021-10-02T01:06:01+00:00\",\"dateModified\":\"2021-10-07T01:49:45+00:00\",\"inLanguage\":\"en-US\",\"potentialAction\":[{\"@type\":\"ReadAction\",\"target\":[\"https:\/\/imm.ong\/politica-cookies\/\"]}]}]}<\/script>\n<!-- \/ Yoast SEO Premium plugin. -->","_links":{"self":[{"href":"https:\/\/imm.ong\/en\/wp-json\/wp\/v2\/pages\/9906","targetHints":{"allow":["GET"]}}],"collection":[{"href":"https:\/\/imm.ong\/en\/wp-json\/wp\/v2\/pages"}],"about":[{"href":"https:\/\/imm.ong\/en\/wp-json\/wp\/v2\/types\/page"}],"author":[{"embeddable":true,"href":"https:\/\/imm.ong\/en\/wp-json\/wp\/v2\/users\/10"}],"replies":[{"embeddable":true,"href":"https:\/\/imm.ong\/en\/wp-json\/wp\/v2\/comments?post=9906"}],"version-history":[{"count":6,"href":"https:\/\/imm.ong\/en\/wp-json\/wp\/v2\/pages\/9906\/revisions"}],"predecessor-version":[{"id":9918,"href":"https:\/\/imm.ong\/en\/wp-json\/wp\/v2\/pages\/9906\/revisions\/9918"}],"wp:attachment":[{"href":"https:\/\/imm.ong\/en\/wp-json\/wp\/v2\/media?parent=9906"}],"wp:term":[{"taxonomy":"yst_prominent_words","embeddable":true,"href":"https:\/\/imm.ong\/en\/wp-json\/wp\/v2\/yst_prominent_words?post=9906"}],"curies":[{"name":"wp","href":"https:\/\/api.w.org\/{rel}","templated":true}]}}